{"id":2,"date":"2024-06-26T22:50:26","date_gmt":"2024-06-26T20:50:26","guid":{"rendered":"http:\/\/versicherungsmakler-rostock.de\/?page_id=2"},"modified":"2025-11-26T10:16:17","modified_gmt":"2025-11-26T09:16:17","slug":"beispiel-seite","status":"publish","type":"page","link":"https:\/\/www.gmfs-versicherungsmakler.de\/rostock\/","title":{"rendered":"GMFS Versicherungsmakler in Rostock"},"content":{"rendered":"","protected":false},"excerpt":{"rendered":"","protected":false},"author":1,"featured_media":108,"parent":0,"menu_order":0,"comment_status":"closed","ping_status":"open","template":"","meta":{"_acf_changed":false,"footnotes":""},"class_list":["post-2","page","type-page","status-publish","has-post-thumbnail","hentry","entry","has-media"],"acf":[],"yoast_head":"<!-- This site is optimized with the Yoast SEO plugin v24.9 - https:\/\/yoast.com\/wordpress\/plugins\/seo\/ -->\n<title>GMFS Versicherungsmakler in Rostock: Management von Versicherungen<\/title>\n<meta name=\"description\" content=\"Ihr unabh\u00e4ngiger Versicherungsmakler f\u00fcr umfassende Versicherungs- und Vorsorgel\u00f6sungen in Rostock. Beratung f\u00fcr Privat- und Firmenkunden seit 1990.\" \/>\n<meta name=\"robots\" content=\"index, follow, max-snippet:-1, max-image-preview:large, max-video-preview:-1\" \/>\n<link rel=\"canonical\" href=\"https:\/\/www.gmfs-versicherungsmakler.de\/rostock\/\" \/>\n<meta property=\"og:locale\" content=\"de_DE\" \/>\n<meta property=\"og:type\" content=\"article\" \/>\n<meta property=\"og:title\" content=\"GMFS Versicherungsmakler in Rostock: Management von Versicherungen\" \/>\n<meta property=\"og:description\" content=\"Ihr unabh\u00e4ngiger Versicherungsmakler f\u00fcr umfassende Versicherungs- und Vorsorgel\u00f6sungen in Rostock. Beratung f\u00fcr Privat- und Firmenkunden seit 1990.\" \/>\n<meta property=\"og:url\" content=\"https:\/\/www.gmfs-versicherungsmakler.de\/rostock\/\" \/>\n<meta property=\"og:site_name\" content=\"GMFS Versicherungsmakler in Rostock, Schwerin, Wismar\" \/>\n<meta property=\"article:modified_time\" content=\"2025-11-26T09:16:17+00:00\" \/>\n<meta property=\"og:image\" content=\"https:\/\/www.gmfs-versicherungsmakler.de\/rostock\/wp-content\/uploads\/2024\/07\/versicherungsmakler-in-rostock.webp\" \/>\n\t<meta property=\"og:image:width\" content=\"2200\" \/>\n\t<meta property=\"og:image:height\" content=\"1241\" \/>\n\t<meta property=\"og:image:type\" content=\"image\/webp\" \/>\n<meta name=\"twitter:card\" content=\"summary_large_image\" \/>\n<meta name=\"twitter:label1\" content=\"Gesch\u00e4tzte Lesezeit\" \/>\n\t<meta name=\"twitter:data1\" content=\"1\u00a0Minute\" \/>\n<script type=\"application\/ld+json\" class=\"yoast-schema-graph\">{\"@context\":\"https:\/\/schema.org\",\"@graph\":[{\"@type\":\"WebPage\",\"@id\":\"https:\/\/www.gmfs-versicherungsmakler.de\/rostock\/\",\"url\":\"https:\/\/www.gmfs-versicherungsmakler.de\/rostock\/\",\"name\":\"GMFS Versicherungsmakler in Rostock: Management von Versicherungen\",\"isPartOf\":{\"@id\":\"https:\/\/www.gmfs-versicherungsmakler.de\/rostock\/#website\"},\"primaryImageOfPage\":{\"@id\":\"https:\/\/www.gmfs-versicherungsmakler.de\/rostock\/#primaryimage\"},\"image\":{\"@id\":\"https:\/\/www.gmfs-versicherungsmakler.de\/rostock\/#primaryimage\"},\"thumbnailUrl\":\"https:\/\/www.gmfs-versicherungsmakler.de\/rostock\/wp-content\/uploads\/2024\/07\/versicherungsmakler-in-rostock.webp\",\"datePublished\":\"2024-06-26T20:50:26+00:00\",\"dateModified\":\"2025-11-26T09:16:17+00:00\",\"description\":\"Ihr unabh\u00e4ngiger Versicherungsmakler f\u00fcr umfassende Versicherungs- und Vorsorgel\u00f6sungen in Rostock. Beratung f\u00fcr Privat- und Firmenkunden seit 1990.\",\"breadcrumb\":{\"@id\":\"https:\/\/www.gmfs-versicherungsmakler.de\/rostock\/#breadcrumb\"},\"inLanguage\":\"de\",\"potentialAction\":[{\"@type\":\"ReadAction\",\"target\":[\"https:\/\/www.gmfs-versicherungsmakler.de\/rostock\/\"]}]},{\"@type\":\"ImageObject\",\"inLanguage\":\"de\",\"@id\":\"https:\/\/www.gmfs-versicherungsmakler.de\/rostock\/#primaryimage\",\"url\":\"https:\/\/www.gmfs-versicherungsmakler.de\/rostock\/wp-content\/uploads\/2024\/07\/versicherungsmakler-in-rostock.webp\",\"contentUrl\":\"https:\/\/www.gmfs-versicherungsmakler.de\/rostock\/wp-content\/uploads\/2024\/07\/versicherungsmakler-in-rostock.webp\",\"width\":2200,\"height\":1241,\"caption\":\"\u00a9 refresh(PIX) - Adobe Stock\"},{\"@type\":\"BreadcrumbList\",\"@id\":\"https:\/\/www.gmfs-versicherungsmakler.de\/rostock\/#breadcrumb\",\"itemListElement\":[{\"@type\":\"ListItem\",\"position\":1,\"name\":\"Startseite\",\"item\":\"https:\/\/www.gmfs-versicherungsmakler.de\/rostock\/\"},{\"@type\":\"ListItem\",\"position\":2,\"name\":\"GMFS Versicherungsmakler in Rostock\"}]},{\"@type\":\"WebSite\",\"@id\":\"https:\/\/www.gmfs-versicherungsmakler.de\/rostock\/#website\",\"url\":\"https:\/\/www.gmfs-versicherungsmakler.de\/rostock\/\",\"name\":\"GMFS Versicherungsmakler in Rostock, Schwerin, Wismar\",\"description\":\"\",\"publisher\":{\"@id\":\"https:\/\/www.gmfs-versicherungsmakler.de\/rostock\/#organization\"},\"potentialAction\":[{\"@type\":\"SearchAction\",\"target\":{\"@type\":\"EntryPoint\",\"urlTemplate\":\"https:\/\/www.gmfs-versicherungsmakler.de\/rostock\/?s={search_term_string}\"},\"query-input\":{\"@type\":\"PropertyValueSpecification\",\"valueRequired\":true,\"valueName\":\"search_term_string\"}}],\"inLanguage\":\"de\"},{\"@type\":\"Organization\",\"@id\":\"https:\/\/www.gmfs-versicherungsmakler.de\/rostock\/#organization\",\"name\":\"GMFS Versicherungsmakler in Rostock, Schwerin, Wismar\",\"url\":\"https:\/\/www.gmfs-versicherungsmakler.de\/rostock\/\",\"logo\":{\"@type\":\"ImageObject\",\"inLanguage\":\"de\",\"@id\":\"https:\/\/www.gmfs-versicherungsmakler.de\/rostock\/#\/schema\/logo\/image\/\",\"url\":\"https:\/\/www.gmfs-versicherungsmakler.de\/rostock\/wp-content\/uploads\/2024\/06\/gmfs-logo.webp\",\"contentUrl\":\"https:\/\/www.gmfs-versicherungsmakler.de\/rostock\/wp-content\/uploads\/2024\/06\/gmfs-logo.webp\",\"width\":600,\"height\":171,\"caption\":\"GMFS Versicherungsmakler in Rostock, Schwerin, Wismar\"},\"image\":{\"@id\":\"https:\/\/www.gmfs-versicherungsmakler.de\/rostock\/#\/schema\/logo\/image\/\"}}]}<\/script>\n<!-- \/ Yoast SEO plugin. -->","yoast_head_json":{"title":"GMFS Versicherungsmakler in Rostock: Management von Versicherungen","description":"Ihr unabh\u00e4ngiger Versicherungsmakler f\u00fcr umfassende Versicherungs- und Vorsorgel\u00f6sungen in Rostock. Beratung f\u00fcr Privat- und Firmenkunden seit 1990.","robots":{"index":"index","follow":"follow","max-snippet":"max-snippet:-1","max-image-preview":"max-image-preview:large","max-video-preview":"max-video-preview:-1"},"canonical":"https:\/\/www.gmfs-versicherungsmakler.de\/rostock\/","og_locale":"de_DE","og_type":"article","og_title":"GMFS Versicherungsmakler in Rostock: Management von Versicherungen","og_description":"Ihr unabh\u00e4ngiger Versicherungsmakler f\u00fcr umfassende Versicherungs- und Vorsorgel\u00f6sungen in Rostock. Beratung f\u00fcr Privat- und Firmenkunden seit 1990.","og_url":"https:\/\/www.gmfs-versicherungsmakler.de\/rostock\/","og_site_name":"GMFS Versicherungsmakler in Rostock, Schwerin, Wismar","article_modified_time":"2025-11-26T09:16:17+00:00","og_image":[{"width":2200,"height":1241,"url":"https:\/\/www.gmfs-versicherungsmakler.de\/rostock\/wp-content\/uploads\/2024\/07\/versicherungsmakler-in-rostock.webp","type":"image\/webp"}],"twitter_card":"summary_large_image","twitter_misc":{"Gesch\u00e4tzte Lesezeit":"1\u00a0Minute"},"schema":{"@context":"https:\/\/schema.org","@graph":[{"@type":"WebPage","@id":"https:\/\/www.gmfs-versicherungsmakler.de\/rostock\/","url":"https:\/\/www.gmfs-versicherungsmakler.de\/rostock\/","name":"GMFS Versicherungsmakler in Rostock: Management von Versicherungen","isPartOf":{"@id":"https:\/\/www.gmfs-versicherungsmakler.de\/rostock\/#website"},"primaryImageOfPage":{"@id":"https:\/\/www.gmfs-versicherungsmakler.de\/rostock\/#primaryimage"},"image":{"@id":"https:\/\/www.gmfs-versicherungsmakler.de\/rostock\/#primaryimage"},"thumbnailUrl":"https:\/\/www.gmfs-versicherungsmakler.de\/rostock\/wp-content\/uploads\/2024\/07\/versicherungsmakler-in-rostock.webp","datePublished":"2024-06-26T20:50:26+00:00","dateModified":"2025-11-26T09:16:17+00:00","description":"Ihr unabh\u00e4ngiger Versicherungsmakler f\u00fcr umfassende Versicherungs- und Vorsorgel\u00f6sungen in Rostock. Beratung f\u00fcr Privat- und Firmenkunden seit 1990.","breadcrumb":{"@id":"https:\/\/www.gmfs-versicherungsmakler.de\/rostock\/#breadcrumb"},"inLanguage":"de","potentialAction":[{"@type":"ReadAction","target":["https:\/\/www.gmfs-versicherungsmakler.de\/rostock\/"]}]},{"@type":"ImageObject","inLanguage":"de","@id":"https:\/\/www.gmfs-versicherungsmakler.de\/rostock\/#primaryimage","url":"https:\/\/www.gmfs-versicherungsmakler.de\/rostock\/wp-content\/uploads\/2024\/07\/versicherungsmakler-in-rostock.webp","contentUrl":"https:\/\/www.gmfs-versicherungsmakler.de\/rostock\/wp-content\/uploads\/2024\/07\/versicherungsmakler-in-rostock.webp","width":2200,"height":1241,"caption":"\u00a9 refresh(PIX) - Adobe Stock"},{"@type":"BreadcrumbList","@id":"https:\/\/www.gmfs-versicherungsmakler.de\/rostock\/#breadcrumb","itemListElement":[{"@type":"ListItem","position":1,"name":"Startseite","item":"https:\/\/www.gmfs-versicherungsmakler.de\/rostock\/"},{"@type":"ListItem","position":2,"name":"GMFS Versicherungsmakler in Rostock"}]},{"@type":"WebSite","@id":"https:\/\/www.gmfs-versicherungsmakler.de\/rostock\/#website","url":"https:\/\/www.gmfs-versicherungsmakler.de\/rostock\/","name":"GMFS Versicherungsmakler in Rostock, Schwerin, Wismar","description":"","publisher":{"@id":"https:\/\/www.gmfs-versicherungsmakler.de\/rostock\/#organization"},"potentialAction":[{"@type":"SearchAction","target":{"@type":"EntryPoint","urlTemplate":"https:\/\/www.gmfs-versicherungsmakler.de\/rostock\/?s={search_term_string}"},"query-input":{"@type":"PropertyValueSpecification","valueRequired":true,"valueName":"search_term_string"}}],"inLanguage":"de"},{"@type":"Organization","@id":"https:\/\/www.gmfs-versicherungsmakler.de\/rostock\/#organization","name":"GMFS Versicherungsmakler in Rostock, Schwerin, Wismar","url":"https:\/\/www.gmfs-versicherungsmakler.de\/rostock\/","logo":{"@type":"ImageObject","inLanguage":"de","@id":"https:\/\/www.gmfs-versicherungsmakler.de\/rostock\/#\/schema\/logo\/image\/","url":"https:\/\/www.gmfs-versicherungsmakler.de\/rostock\/wp-content\/uploads\/2024\/06\/gmfs-logo.webp","contentUrl":"https:\/\/www.gmfs-versicherungsmakler.de\/rostock\/wp-content\/uploads\/2024\/06\/gmfs-logo.webp","width":600,"height":171,"caption":"GMFS Versicherungsmakler in Rostock, Schwerin, Wismar"},"image":{"@id":"https:\/\/www.gmfs-versicherungsmakler.de\/rostock\/#\/schema\/logo\/image\/"}}]}},"_links":{"self":[{"href":"https:\/\/www.gmfs-versicherungsmakler.de\/rostock\/wp-json\/wp\/v2\/pages\/2","targetHints":{"allow":["GET"]}}],"collection":[{"href":"https:\/\/www.gmfs-versicherungsmakler.de\/rostock\/wp-json\/wp\/v2\/pages"}],"about":[{"href":"https:\/\/www.gmfs-versicherungsmakler.de\/rostock\/wp-json\/wp\/v2\/types\/page"}],"author":[{"embeddable":true,"href":"https:\/\/www.gmfs-versicherungsmakler.de\/rostock\/wp-json\/wp\/v2\/users\/1"}],"replies":[{"embeddable":true,"href":"https:\/\/www.gmfs-versicherungsmakler.de\/rostock\/wp-json\/wp\/v2\/comments?post=2"}],"version-history":[{"count":152,"href":"https:\/\/www.gmfs-versicherungsmakler.de\/rostock\/wp-json\/wp\/v2\/pages\/2\/revisions"}],"predecessor-version":[{"id":887,"href":"https:\/\/www.gmfs-versicherungsmakler.de\/rostock\/wp-json\/wp\/v2\/pages\/2\/revisions\/887"}],"wp:featuredmedia":[{"embeddable":true,"href":"https:\/\/www.gmfs-versicherungsmakler.de\/rostock\/wp-json\/wp\/v2\/media\/108"}],"wp:attachment":[{"href":"https:\/\/www.gmfs-versicherungsmakler.de\/rostock\/wp-json\/wp\/v2\/media?parent=2"}],"curies":[{"name":"wp","href":"https:\/\/api.w.org\/{rel}","templated":true}]}}